{"id":1252,"date":"2021-06-15T16:47:56","date_gmt":"2021-06-15T14:47:56","guid":{"rendered":"http:\/\/zamecnik-matejovsky.cz\/?page_id=1252"},"modified":"2022-01-14T10:23:05","modified_gmt":"2022-01-14T09:23:05","slug":"otevreni-vozidel","status":"publish","type":"page","link":"https:\/\/zamecnik-matejovsky.cz\/en\/otevreni-vozidel\/","title":{"rendered":"Opening of vehicles"},"content":{"rendered":"<div data-elementor-type=\"wp-page\" data-elementor-id=\"1252\" class=\"elementor elementor-1252\">\n\t\t\t\t\t\t\t\t\t<section class=\"elementor-section elementor-top-section elementor-element elementor-element-20ea69f elementor-section-full_width elementor-hidden-phone elementor-section-height-default elementor-section-height-default\" data-id=\"20ea69f\" data-element_type=\"section\">\n\t\t\t\t\t\t<div class=\"elementor-container elementor-column-gap-default\">\n\t\t\t\t\t<div class=\"elementor-column elementor-col-100 elementor-top-column elementor-element elementor-element-ecdacfc\" data-id=\"ecdacfc\" data-element_type=\"column\">\n\t\t\t<div class=\"elementor-widget-wrap elementor-element-populated\">\n\t\t\t\t\t\t\t\t<div class=\"elementor-element elementor-element-c658306 elementor-widget elementor-widget-sparki_service_details\" data-id=\"c658306\" data-element_type=\"widget\" data-widget_type=\"sparki_service_details.default\">\n\t\t\t\t<div class=\"elementor-widget-container\">\n\t\t\t        \r\n        <!-- Services Detail Section -->\r\n        <section class=\"services-detail-section\">\r\n            <div class=\"auto-container\">\r\n                \r\n                <!-- Upper Section -->\r\n                <div class=\"upper-section\">\r\n                    <div class=\"row clearfix\">\r\n                        \r\n                        <!-- Title Column -->\r\n                        <div class=\"title-column col-lg-6 col-md-12 col-sm-12\">\r\n                            <div class=\"inner-column\">\r\n                                <div class=\"icon-box\">\r\n                                    <img decoding=\"async\" src=\"https:\/\/zamecnik-matejovsky.cz\/wp-content\/uploads\/2020\/10\/service-icon-2.png\" alt=\"Awesome Icon\" \/>\r\n                                <\/div>\r\n                                <h2>Opening the car lock and other means of transport<\/h2>\r\n                                \r\n                                                                <a href=\"https:\/\/zamecnik-matejovsky.cz\/en\/contact\/\" class=\"theme-btn btn-style-four\"><span class=\"txt\">Book an appointment<\/span><\/a>\r\n                                                            <\/div>\r\n                        <\/div>\r\n                        \r\n                        <!-- Price Column -->\r\n                        <div class=\"price-column col-lg-6 col-md-12 col-sm-12\">\r\n                            <div class=\"inner-column\">\r\n                                <div class=\"price\"><sup><\/sup>from 1500,-<sub><\/sub><\/div>\r\n                                                                <ul class=\"price-list\">\r\n                                                                        <li>+ from 600 for the locksmith's exit<\/li>\r\n                                                                        <li>NONSTOP emergency<\/li>\r\n                                                                    <\/ul>\r\n                                                            <\/div>\r\n                        <\/div>\r\n                    <\/div>\r\n                <\/div>\r\n                \r\n                <!-- Carousel Section -->\r\n                <div class=\"carousel-section\">\r\n                    <div class=\"service-carousel owl-carousel owl-theme\">\r\n                    \t\r\n                        <div class=\"slide\">\r\n                        <div class=\"row clearfix\">\r\n                                                \r\n                        <\/div><\/div>\r\n                    <\/div>\r\n                    \r\n                    <h3>I'll be there in 15 minutes<\/h3>\r\n                    <p>and quickly open your vehicle, or I remove the wrench. I can handle cars of all brands, trucks and other means of transport. I work in Prague and the Central Bohemian Region, I am available 24 hours a day.<br>\n<br>\nBased on a description of your situation, I will always tell you the approximate price in advance. It is possible to pay in cash.<\/p>\r\n                    <h3>What is needed to open the vehicle?<\/h3>\r\n                    <p>If the ignition keys are visible inside the vehicle, I will ask you to prove it with an identity card after opening the door.<br><br>\nIf the keys in the car are not visible, I will ask you to prove it with an identity card and a technical card.<br><br>If you do not have an identity card with you, we will resolve the proof of identity in cooperation with the Police of the Czech Republic. I will contact them for you and we will arrive at the place together.\n\n<\/p>\r\n                    \r\n                <\/div>\r\n                \r\n            <\/div>\r\n        <\/section>\r\n        <!-- End Services Detail Section -->\r\n        \r\n        <!-- Fluid Section One -->\r\n        <section class=\"fluid-section-one\">\r\n            <div class=\"outer-container clearfix\">\r\n                \r\n                <!-- Content Column -->\r\n                <div class=\"content-column\">\r\n                    <div class=\"inner-column\">\r\n                       <h2>In an emergency, call:\n<br><br>\n<a href=\"tel: 420731583939\" class=\"call\"> +420 731 583 939<\/a><\/h2>\r\n                        <div class=\"text\">I will tell you the arrival time immediately!<\/div>\r\n                        \r\n                                            <\/div>\r\n                <\/div>\r\n                \r\n                <!-- Image Column -->\r\n                <div class=\"image-column\" style=\"background-image:url(https:\/\/zamecnik-matejovsky.cz\/wp-content\/uploads\/2021\/06\/posledniuvodni1.png)\">\r\n                    <a href=\"\" class=\"lightbox-image video-box\"><span class=\"flaticon-play-arrow\"><i class=\"ripple\"><\/i><\/span><\/a>\r\n                    <figure class=\"image-box\"><img decoding=\"async\" src=\"https:\/\/zamecnik-matejovsky.cz\/wp-content\/uploads\/2021\/06\/posledniuvodni1.png\" alt=\"Awesome Image\"><\/figure>\r\n                <\/div>\r\n                \r\n            <\/div>\r\n        <\/section>\r\n        <!-- End Fluid Section One -->\r\n        \r\n        <!-- Service Detail Content Section -->\r\n        <section class=\"service-detail-section\">\r\n            <div class=\"auto-container\">\r\n                <h3>How much does opening a vehicle cost? <\/h3>\r\n                <div class=\"text\">\r\n                    <p>The price of the opening itself - depending on the year of manufacture of the vehicle or kilometers driven by the locksmith - starts at CZK 1,500. I will provide you with more information by telephone<\/p>\n<p>I charge the price of the work - <b>on weekdays between 7:00 - 18:00<\/b> - the following overheads:<\/p>\n<p>- second and every other exit - 200 CZK<br>\n- futile departure (without intervention) - 600 CZK <br>\n- waiting over 15 minutes - + 200 CZK (for each started 15 minutes)<\/p>\n\n<p><b>Outside working hours<\/b> I charge the following <b> p\u0159\u00edplatky<\/b>:<br>\n<br>\n- departure between 20:00 and 24:00 - + 50% of the price, <br>\n- exit between 24:00 and 7:00 - + 100% of the price<br>\n- departure on Saturday or Sunday (at any time) - + 50% of the price24: 00 and 7:00 - + 100% of the price <br>\n- departure on holidays (at any time) - + 100% of the price<br>\n- work under difficult conditions and work in metal - + 50% of the price. <br>\n<br>\nThe surcharge is always calculated from the sum of the price of work and overhead costs. \n<br>\n<br> \n<b>Send me an inquiry, I will get back to you as soon as possible. In case of emergency, call +420 773 975 393, I will inform you immediately of the arrival time.<br><br>You can invoice my work after sending the order to zamecnik.matejovsky@gmail.com and only if you are an SVJ, a housing association, a state body or a legal entity (company).\n                <\/div>\r\n            <\/div>\r\n        <\/section>\r\n        <!-- End Service Detail Content Section -->\r\n        \r\n        \t\t<\/div>\n\t\t\t\t<\/div>\n\t\t\t\t\t<\/div>\n\t\t<\/div>\n\t\t\t\t\t\t\t<\/div>\n\t\t<\/section>\n\t\t\t\t<section class=\"elementor-section elementor-top-section elementor-element elementor-element-2d0b2e3 elementor-section-full_width elementor-hidden-desktop elementor-hidden-tablet elementor-section-height-default elementor-section-height-default\" data-id=\"2d0b2e3\" data-element_type=\"section\">\n\t\t\t\t\t\t<div class=\"elementor-container elementor-column-gap-default\">\n\t\t\t\t\t<div class=\"elementor-column elementor-col-100 elementor-top-column elementor-element elementor-element-d51d170\" data-id=\"d51d170\" data-element_type=\"column\">\n\t\t\t<div class=\"elementor-widget-wrap elementor-element-populated\">\n\t\t\t\t\t\t\t\t<div class=\"elementor-element elementor-element-9f6258c elementor-widget elementor-widget-sparki_service_details\" data-id=\"9f6258c\" data-element_type=\"widget\" data-widget_type=\"sparki_service_details.default\">\n\t\t\t\t<div class=\"elementor-widget-container\">\n\t\t\t        \r\n        <!-- Services Detail Section -->\r\n        <section class=\"services-detail-section\">\r\n            <div class=\"auto-container\">\r\n                \r\n                <!-- Upper Section -->\r\n                <div class=\"upper-section\">\r\n                    <div class=\"row clearfix\">\r\n                        \r\n                        <!-- Title Column -->\r\n                        <div class=\"title-column col-lg-6 col-md-12 col-sm-12\">\r\n                            <div class=\"inner-column\">\r\n                                <div class=\"icon-box\">\r\n                                    <img decoding=\"async\" src=\"https:\/\/zamecnik-matejovsky.cz\/wp-content\/uploads\/2020\/10\/service-icon-2.png\" alt=\"Awesome Icon\" \/>\r\n                                <\/div>\r\n                                <h2>Opening of vehicles<\/h2>\r\n                                \r\n                                                                <a href=\"tel: 420773975393\" class=\"theme-btn btn-style-four\"><span class=\"txt\">Book an appointment<\/span><\/a>\r\n                                                            <\/div>\r\n                        <\/div>\r\n                        \r\n                        <!-- Price Column -->\r\n                        <div class=\"price-column col-lg-6 col-md-12 col-sm-12\">\r\n                            <div class=\"inner-column\">\r\n                                <div class=\"price\"><sup><\/sup>from 1500,-<sub><\/sub><\/div>\r\n                                                            <\/div>\r\n                        <\/div>\r\n                    <\/div>\r\n                <\/div>\r\n                \r\n                <!-- Carousel Section -->\r\n                <div class=\"carousel-section\">\r\n                    <div class=\"service-carousel owl-carousel owl-theme\">\r\n                    \t\r\n                        <div class=\"slide\">\r\n                        <div class=\"row clearfix\">\r\n                                                \r\n                        <\/div><\/div>\r\n                    <\/div>\r\n                    \r\n                    <h3>I'll be there in 15 minutes<\/h3>\r\n                    <p>and quickly open your vehicle, or I remove the wrench. I can handle cars of all brands, trucks and other means of transport. I work in Prague and its surroundings, I am available 24 hours a day.<br>\n<br>\nBased on a description of your situation, I will always inform you of the approximate price in advance. It is possible to pay in cash or by card. <\/p>\r\n                    <h3>What is needed to open the vehicle?<\/h3>\r\n                    <p>Before opening, the Czech police will check your ID card and find out if the vehicle is registered in your name. By law, I cannot carry out these inspections. <\/p>\r\n                    \r\n                <\/div>\r\n                \r\n            <\/div>\r\n        <\/section>\r\n        <!-- End Services Detail Section -->\r\n        \r\n        <!-- Fluid Section One -->\r\n        <section class=\"fluid-section-one\">\r\n            <div class=\"outer-container clearfix\">\r\n                \r\n                <!-- Content Column -->\r\n                <div class=\"content-column\">\r\n                    <div class=\"inner-column\">\r\n                       <h2>Call <br> \n<br>+420 773 975 393<\/h2>\r\n                        <div class=\"text\"><\/div>\r\n                        \r\n                                            <\/div>\r\n                <\/div>\r\n                \r\n                <!-- Image Column -->\r\n                <div class=\"image-column\" style=\"background-image:url()\">\r\n                    <a href=\"\" class=\"lightbox-image video-box\"><span class=\"flaticon-play-arrow\"><i class=\"ripple\"><\/i><\/span><\/a>\r\n                    <figure class=\"image-box\"><img decoding=\"async\" src=\"\" alt=\"Awesome Image\"><\/figure>\r\n                <\/div>\r\n                \r\n            <\/div>\r\n        <\/section>\r\n        <!-- End Fluid Section One -->\r\n        \r\n        <!-- Service Detail Content Section -->\r\n        <section class=\"service-detail-section\">\r\n            <div class=\"auto-container\">\r\n                <h3>How much does opening a vehicle cost? <\/h3>\r\n                <div class=\"text\">\r\n                    <p>The price of the opening itself - depending on the year of manufacture of the vehicle or kilometers driven by the locksmith - starts at CZK 1,500. I will provide you with more information by telephone<\/p>\n<p>I charge the price of the work - <b>on weekdays between 7:00 - 18:00<\/b> - the following overheads:<\/p>\n<p>- second and every other exit - 200 CZK<br>\n- futile departure (without intervention) - 600 CZK <br>\n- waiting over 15 minutes - + 200 CZK (for each started 15 minutes)<\/p>\n\n<p><b>Outside working hours<\/b> I charge the following <b> p\u0159\u00edplatky<\/b>:<br>\n<br>\n- departure between 20:00 and 24:00 - + 50% of the price, <br>\n- exit between 24:00 and 7:00 - + 100% of the price<br>\n- departure on Saturday or Sunday (at any time) - + 50% of the price24: 00 and 7:00 - + 100% of the price <br>\n- departure on holidays (at any time) - + 100% of the price<br>\n- work under difficult conditions and work in metal - + 50% of the price. <br>\n<br>\nThe surcharge is always calculated from the sum of the price of work and overhead costs. \n<br>\n<br> \n<b>Send me an inquiry, I will get back to you as soon as possible. In case of emergency, call +420 773 975 393, I will inform you immediately of the arrival time.                <\/div>\r\n            <\/div>\r\n        <\/section>\r\n        <!-- End Service Detail Content Section -->\r\n        \r\n        \t\t<\/div>\n\t\t\t\t<\/div>\n\t\t\t\t\t<\/div>\n\t\t<\/div>\n\t\t\t\t\t\t\t<\/div>\n\t\t<\/section>\n\t\t\t\t\t\t\t<\/div>","protected":false},"excerpt":{"rendered":"<p>Otev\u0159en\u00ed z\u00e1mku auta a dal\u0161\u00edch dopravn\u00edch prost\u0159edk\u016f Rezervovat z\u00e1me\u010dn\u00edka od 1500,- + od 600 za v\u00fdjezd z\u00e1me\u010dn\u00edka NONSTOP pohotovost P\u0159ijedu ji\u017e od 15 minut a rychle ot\u0159ev\u0159u va\u0161e vozidlo, pop\u0159. vyjmu zalomen\u00fd kl\u00ed\u010d. Porad\u00edm si s automobily v\u0161ech zna\u010dek, s kamiony i dal\u0161\u00edmi dopravn\u00edmi prost\u0159edky. Pracuji v Praze a St\u0159edo\u010desk\u00e9m kraji, jsem nonstop k dispozici. [&hellip;]<\/p>","protected":false},"author":1,"featured_media":0,"parent":0,"menu_order":0,"comment_status":"closed","ping_status":"closed","template":"tpl-default-elementor.php","meta":{"footnotes":""},"yoast_head":"<!-- This site is optimized with the Yoast SEO plugin v20.13 - https:\/\/yoast.com\/wordpress\/plugins\/seo\/ -->\n<title>Nouzov\u00e9 otev\u0159en\u00ed auta bez kl\u00ed\u010de \u2013 p\u0159\u00edjezd od 15 minut - Z\u00e1me\u010dn\u00edk Mat\u011bjovsk\u00fd<\/title>\n<meta name=\"description\" content=\"Nouzov\u00e9 otev\u0159en\u00ed auta bez kl\u00ed\u010de Praha. Rychl\u00fd p\u0159\u00edjezd, rozumn\u00e9 ceny. Volejte ihned +420 731 583 939 \u2013 z\u00e1me\u010dn\u00edk Mat\u011bjovsk\u00fd.\" \/>\n<meta name=\"robots\" content=\"index, follow, max-snippet:-1, max-image-preview:large, max-video-preview:-1\" \/>\n<link rel=\"canonical\" href=\"https:\/\/zamecnik-matejovsky.cz\/en\/otevreni-vozidel\/\" \/>\n<meta property=\"og:locale\" content=\"en_US\" \/>\n<meta property=\"og:type\" content=\"article\" \/>\n<meta property=\"og:title\" content=\"Nouzov\u00e9 otev\u0159en\u00ed auta bez kl\u00ed\u010de \u2013 p\u0159\u00edjezd od 15 minut - Z\u00e1me\u010dn\u00edk Mat\u011bjovsk\u00fd\" \/>\n<meta property=\"og:description\" content=\"Nouzov\u00e9 otev\u0159en\u00ed auta bez kl\u00ed\u010de Praha. Rychl\u00fd p\u0159\u00edjezd, rozumn\u00e9 ceny. Volejte ihned +420 731 583 939 \u2013 z\u00e1me\u010dn\u00edk Mat\u011bjovsk\u00fd.\" \/>\n<meta property=\"og:url\" content=\"https:\/\/zamecnik-matejovsky.cz\/en\/otevreni-vozidel\/\" \/>\n<meta property=\"og:site_name\" content=\"Z\u00e1me\u010dn\u00edk Mat\u011bjovsk\u00fd\" \/>\n<meta property=\"article:modified_time\" content=\"2022-01-14T09:23:05+00:00\" \/>\n<meta property=\"og:image\" content=\"https:\/\/zamecnik-matejovsky.cz\/wp-content\/uploads\/2020\/10\/service-icon-2.png\" \/>\n<meta name=\"twitter:card\" content=\"summary_large_image\" \/>\n<meta name=\"twitter:label1\" content=\"Est. reading time\" \/>\n\t<meta name=\"twitter:data1\" content=\"4 minutes\" \/>\n<script type=\"application\/ld+json\" class=\"yoast-schema-graph\">{\"@context\":\"https:\/\/schema.org\",\"@graph\":[{\"@type\":\"WebPage\",\"@id\":\"https:\/\/zamecnik-matejovsky.cz\/otevreni-vozidel\/\",\"url\":\"https:\/\/zamecnik-matejovsky.cz\/otevreni-vozidel\/\",\"name\":\"Nouzov\u00e9 otev\u0159en\u00ed auta bez kl\u00ed\u010de \u2013 p\u0159\u00edjezd od 15 minut - Z\u00e1me\u010dn\u00edk Mat\u011bjovsk\u00fd\",\"isPartOf\":{\"@id\":\"https:\/\/zamecnik-matejovsky.cz\/#website\"},\"datePublished\":\"2021-06-15T14:47:56+00:00\",\"dateModified\":\"2022-01-14T09:23:05+00:00\",\"description\":\"Nouzov\u00e9 otev\u0159en\u00ed auta bez kl\u00ed\u010de Praha. Rychl\u00fd p\u0159\u00edjezd, rozumn\u00e9 ceny. Volejte ihned +420 731 583 939 \u2013 z\u00e1me\u010dn\u00edk Mat\u011bjovsk\u00fd.\",\"breadcrumb\":{\"@id\":\"https:\/\/zamecnik-matejovsky.cz\/otevreni-vozidel\/#breadcrumb\"},\"inLanguage\":\"en-US\",\"potentialAction\":[{\"@type\":\"ReadAction\",\"target\":[\"https:\/\/zamecnik-matejovsky.cz\/otevreni-vozidel\/\"]}]},{\"@type\":\"BreadcrumbList\",\"@id\":\"https:\/\/zamecnik-matejovsky.cz\/otevreni-vozidel\/#breadcrumb\",\"itemListElement\":[{\"@type\":\"ListItem\",\"position\":1,\"name\":\"Dom\u016f\",\"item\":\"https:\/\/zamecnik-matejovsky.cz\/\"},{\"@type\":\"ListItem\",\"position\":2,\"name\":\"Otev\u0159en\u00ed vozidel\"}]},{\"@type\":\"WebSite\",\"@id\":\"https:\/\/zamecnik-matejovsky.cz\/#website\",\"url\":\"https:\/\/zamecnik-matejovsky.cz\/\",\"name\":\"Z\u00e1me\u010dn\u00edk Mat\u011bjovsk\u00fd\",\"description\":\"Nonstop pohotovost\",\"potentialAction\":[{\"@type\":\"SearchAction\",\"target\":{\"@type\":\"EntryPoint\",\"urlTemplate\":\"https:\/\/zamecnik-matejovsky.cz\/?s={search_term_string}\"},\"query-input\":\"required name=search_term_string\"}],\"inLanguage\":\"en-US\"}]}<\/script>\n<!-- \/ Yoast SEO plugin. -->","yoast_head_json":{"title":"Nouzov\u00e9 otev\u0159en\u00ed auta bez kl\u00ed\u010de \u2013 p\u0159\u00edjezd od 15 minut - Z\u00e1me\u010dn\u00edk Mat\u011bjovsk\u00fd","description":"Nouzov\u00e9 otev\u0159en\u00ed auta bez kl\u00ed\u010de Praha. Rychl\u00fd p\u0159\u00edjezd, rozumn\u00e9 ceny. Volejte ihned +420 731 583 939 \u2013 z\u00e1me\u010dn\u00edk Mat\u011bjovsk\u00fd.","robots":{"index":"index","follow":"follow","max-snippet":"max-snippet:-1","max-image-preview":"max-image-preview:large","max-video-preview":"max-video-preview:-1"},"canonical":"https:\/\/zamecnik-matejovsky.cz\/en\/otevreni-vozidel\/","og_locale":"en_US","og_type":"article","og_title":"Nouzov\u00e9 otev\u0159en\u00ed auta bez kl\u00ed\u010de \u2013 p\u0159\u00edjezd od 15 minut - Z\u00e1me\u010dn\u00edk Mat\u011bjovsk\u00fd","og_description":"Nouzov\u00e9 otev\u0159en\u00ed auta bez kl\u00ed\u010de Praha. Rychl\u00fd p\u0159\u00edjezd, rozumn\u00e9 ceny. Volejte ihned +420 731 583 939 \u2013 z\u00e1me\u010dn\u00edk Mat\u011bjovsk\u00fd.","og_url":"https:\/\/zamecnik-matejovsky.cz\/en\/otevreni-vozidel\/","og_site_name":"Z\u00e1me\u010dn\u00edk Mat\u011bjovsk\u00fd","article_modified_time":"2022-01-14T09:23:05+00:00","og_image":[{"url":"https:\/\/zamecnik-matejovsky.cz\/wp-content\/uploads\/2020\/10\/service-icon-2.png"}],"twitter_card":"summary_large_image","twitter_misc":{"Est. reading time":"4 minutes"},"schema":{"@context":"https:\/\/schema.org","@graph":[{"@type":"WebPage","@id":"https:\/\/zamecnik-matejovsky.cz\/otevreni-vozidel\/","url":"https:\/\/zamecnik-matejovsky.cz\/otevreni-vozidel\/","name":"Nouzov\u00e9 otev\u0159en\u00ed auta bez kl\u00ed\u010de \u2013 p\u0159\u00edjezd od 15 minut - Z\u00e1me\u010dn\u00edk Mat\u011bjovsk\u00fd","isPartOf":{"@id":"https:\/\/zamecnik-matejovsky.cz\/#website"},"datePublished":"2021-06-15T14:47:56+00:00","dateModified":"2022-01-14T09:23:05+00:00","description":"Nouzov\u00e9 otev\u0159en\u00ed auta bez kl\u00ed\u010de Praha. Rychl\u00fd p\u0159\u00edjezd, rozumn\u00e9 ceny. Volejte ihned +420 731 583 939 \u2013 z\u00e1me\u010dn\u00edk Mat\u011bjovsk\u00fd.","breadcrumb":{"@id":"https:\/\/zamecnik-matejovsky.cz\/otevreni-vozidel\/#breadcrumb"},"inLanguage":"en-US","potentialAction":[{"@type":"ReadAction","target":["https:\/\/zamecnik-matejovsky.cz\/otevreni-vozidel\/"]}]},{"@type":"BreadcrumbList","@id":"https:\/\/zamecnik-matejovsky.cz\/otevreni-vozidel\/#breadcrumb","itemListElement":[{"@type":"ListItem","position":1,"name":"Dom\u016f","item":"https:\/\/zamecnik-matejovsky.cz\/"},{"@type":"ListItem","position":2,"name":"Otev\u0159en\u00ed vozidel"}]},{"@type":"WebSite","@id":"https:\/\/zamecnik-matejovsky.cz\/#website","url":"https:\/\/zamecnik-matejovsky.cz\/","name":"Z\u00e1me\u010dn\u00edk Mat\u011bjovsk\u00fd","description":"Nonstop pohotovost","potentialAction":[{"@type":"SearchAction","target":{"@type":"EntryPoint","urlTemplate":"https:\/\/zamecnik-matejovsky.cz\/?s={search_term_string}"},"query-input":"required name=search_term_string"}],"inLanguage":"en-US"}]}},"_links":{"self":[{"href":"https:\/\/zamecnik-matejovsky.cz\/en\/wp-json\/wp\/v2\/pages\/1252"}],"collection":[{"href":"https:\/\/zamecnik-matejovsky.cz\/en\/wp-json\/wp\/v2\/pages"}],"about":[{"href":"https:\/\/zamecnik-matejovsky.cz\/en\/wp-json\/wp\/v2\/types\/page"}],"author":[{"embeddable":true,"href":"https:\/\/zamecnik-matejovsky.cz\/en\/wp-json\/wp\/v2\/users\/1"}],"replies":[{"embeddable":true,"href":"https:\/\/zamecnik-matejovsky.cz\/en\/wp-json\/wp\/v2\/comments?post=1252"}],"version-history":[{"count":43,"href":"https:\/\/zamecnik-matejovsky.cz\/en\/wp-json\/wp\/v2\/pages\/1252\/revisions"}],"predecessor-version":[{"id":1887,"href":"https:\/\/zamecnik-matejovsky.cz\/en\/wp-json\/wp\/v2\/pages\/1252\/revisions\/1887"}],"wp:attachment":[{"href":"https:\/\/zamecnik-matejovsky.cz\/en\/wp-json\/wp\/v2\/media?parent=1252"}],"curies":[{"name":"wp","href":"https:\/\/api.w.org\/{rel}","templated":true}]}}