{"id":176,"date":"2020-10-27T13:00:57","date_gmt":"2020-10-27T13:00:57","guid":{"rendered":"http:\/\/wp.efforttech.net\/wp\/sparki\/?page_id=176"},"modified":"2021-12-13T09:10:05","modified_gmt":"2021-12-13T08:10:05","slug":"about-us","status":"publish","type":"page","link":"https:\/\/zamecnik-matejovsky.cz\/en\/about-us\/","title":{"rendered":"About us"},"content":{"rendered":"<div data-elementor-type=\"wp-page\" data-elementor-id=\"176\" class=\"elementor elementor-176\">\n\t\t\t\t\t\t\t\t\t<section class=\"elementor-section elementor-top-section elementor-element elementor-element-c431ded elementor-section-boxed elementor-section-height-default elementor-section-height-default\" data-id=\"c431ded\" data-element_type=\"section\">\n\t\t\t\t\t\t<div class=\"elementor-container elementor-column-gap-default\">\n\t\t\t\t\t<div class=\"elementor-column elementor-col-100 elementor-top-column elementor-element elementor-element-2ed16b1\" data-id=\"2ed16b1\" data-element_type=\"column\">\n\t\t\t<div class=\"elementor-widget-wrap elementor-element-populated\">\n\t\t\t\t\t\t\t\t<div class=\"elementor-element elementor-element-d22f227 elementor-widget elementor-widget-text-editor\" data-id=\"d22f227\" data-element_type=\"widget\" data-widget_type=\"text-editor.default\">\n\t\t\t\t<div class=\"elementor-widget-container\">\n\t\t\t\t\t\t\t<h2>\u00a0<\/h2><h2 style=\"text-align: left;\"><span style=\"font-weight: 400;\">Price list\u00a0<\/span><\/h2><p>\u00a0<\/p><p style=\"text-align: left;\"><b>Approximate price <\/b><span style=\"font-weight: 400;\">you based on a description of your situation <\/span><b>I will always communicate in advance<\/b><span style=\"font-weight: 400;\">. It is possible to pay <\/span><b>in cash and by card<\/b><span style=\"font-weight: 400;\">. I work in Prague and its surroundings, I am <\/span><b>available 24 hours a day<\/b><span style=\"font-weight: 400;\">.<\/span><\/p><h3 style=\"text-align: left;\"><span style=\"font-weight: 400;\">Price for opening a slammed door<\/span><\/h3><ul style=\"text-align: left;\"><li style=\"font-weight: 400;\" aria-level=\"1\"><span style=\"font-weight: 400;\">ordinary door (bakelite \/ aluminum shield) - from 350 CZK,<\/span><\/li><li style=\"font-weight: 400;\" aria-level=\"1\"><span style=\"font-weight: 400;\">doors with security fittings - from 500 CZK,<\/span><\/li><li style=\"font-weight: 400;\" aria-level=\"1\"><span style=\"font-weight: 400;\">security \/ euro \/ plastic doors - from 600 CZK,<\/span><\/li><li style=\"font-weight: 400;\" aria-level=\"1\"><span style=\"font-weight: 400;\">doors with multipoint system - from CZK 1,000,<\/span><\/li><li style=\"font-weight: 400;\" aria-level=\"1\"><span style=\"font-weight: 400;\">door with a 3-point needle - from CZK 1,000.<\/span><\/li><\/ul><h3 style=\"text-align: left;\"><span style=\"font-weight: 400;\">Price for opening a locked door<\/span><\/h3><ul style=\"text-align: left;\"><li style=\"font-weight: 400;\" aria-level=\"1\"><span style=\"font-weight: 400;\">removal of 1 broken key - from 500 CZK,<\/span><\/li><li style=\"font-weight: 400;\" aria-level=\"1\"><span style=\"font-weight: 400;\">ordinary door (bakelite \/ aluminum shield) - from 800 CZK,<\/span><\/li><li style=\"font-weight: 400;\" aria-level=\"1\"><span style=\"font-weight: 400;\">security door with insert against drilling - from CZK 1,200,<\/span><\/li><li style=\"font-weight: 400;\" aria-level=\"1\"><span style=\"font-weight: 400;\">security door - from CZK 1,400,<\/span><\/li><li style=\"font-weight: 400;\" aria-level=\"1\"><span style=\"font-weight: 400;\">additional security lock - from CZK 1,200,<\/span><\/li><li style=\"font-weight: 400;\" aria-level=\"1\"><span style=\"font-weight: 400;\">dosick\u00fd or shape lock - from 600 CZK,<\/span><\/li><li style=\"font-weight: 400;\" aria-level=\"1\"><span style=\"font-weight: 400;\">postal, office or padlock - from 400 CZK,<\/span><\/li><li style=\"font-weight: 400;\" aria-level=\"1\"><span style=\"font-weight: 400;\">lock from the safe - from 3,500 CZK.<\/span><\/li><\/ul><h3 style=\"text-align: left;\"><span style=\"font-weight: 400;\">Price for opening the vehicle<\/span><\/h3><ul style=\"text-align: left;\"><li style=\"font-weight: 400;\" aria-level=\"1\"><span style=\"font-weight: 400;\">according to the year of manufacture of the vehicle or kilometers driven by the locksmith - from CZK 1,500<\/span><\/li><\/ul><h3 style=\"text-align: left;\"><span style=\"font-weight: 400;\">Price of locksmith work<\/span><\/h3><ul style=\"text-align: left;\"><li style=\"font-weight: 400;\" aria-level=\"1\"><span style=\"font-weight: 400;\">assembly or disassembly of ordinary fittings, insert and lock - from 300 CZK,<\/span><\/li><li style=\"font-weight: 400;\" aria-level=\"1\"><span style=\"font-weight: 400;\">removal of the insert by breaking - from 500 CZK,<\/span><\/li><li style=\"font-weight: 400;\" aria-level=\"1\"><span style=\"font-weight: 400;\">installation of safety fittings R1, R3 - from 800 CZK,<\/span><\/li><li style=\"font-weight: 400;\" aria-level=\"1\"><span style=\"font-weight: 400;\">installation of additional lock 1572, OS2 - from 800 CZK,<\/span><\/li><li style=\"font-weight: 400;\" aria-level=\"1\"><span style=\"font-weight: 400;\">unlocking the needle, lock or wheelbase - from CZK 1,500,<\/span><\/li><li style=\"font-weight: 400;\" aria-level=\"1\"><span style=\"font-weight: 400;\">other locksmith services - by agreement.<\/span><\/li><\/ul><p style=\"text-align: left;\"><b>Material is not included in the price <\/b><span style=\"font-weight: 400;\">(fittings, locks, etc.) - their price will always be communicated to you in advance.<\/span><\/p><h3 style=\"text-align: left;\"><span style=\"font-weight: 400;\">Overheads and surcharges<\/span><\/h3><p style=\"text-align: left;\"><span style=\"font-weight: 400;\">I charge for the price of work - in <\/span><b>working days between 7:00 and 18:00<\/b><span style=\"font-weight: 400;\"> - these <\/span><b>overheads<\/b><span style=\"font-weight: 400;\">:<\/span><\/p><ul style=\"text-align: left;\"><li style=\"font-weight: 400;\" aria-level=\"1\"><span style=\"font-weight: 400;\">departure - 600 CZK,<\/span><\/li><li style=\"font-weight: 400;\" aria-level=\"1\"><span style=\"font-weight: 400;\">second and every other trip - 200 CZK,<\/span><\/li><li style=\"font-weight: 400;\" aria-level=\"1\"><span style=\"font-weight: 400;\">futile departure (without intervention) - 600 CZK,<\/span><\/li><li style=\"font-weight: 400;\" aria-level=\"1\"><span style=\"font-weight: 400;\">trip outside Prague (up to 10 km) - + 200 CZK (for each trip),<\/span><\/li><li style=\"font-weight: 400;\" aria-level=\"1\"><span style=\"font-weight: 400;\">trip outside Prague (up to 10 km) - + 200 CZK (for each trip),<\/span><\/li><li style=\"font-weight: 400;\" aria-level=\"1\"><span style=\"font-weight: 400;\">waiting over 15 minutes - + 200 CZK (for each started 15 minutes).<\/span><\/li><\/ul><p style=\"text-align: left;\"><b>Outside working hours <\/b><span style=\"font-weight: 400;\">I charge the following <\/span><b>p\u0159\u00edplatky<\/b><span style=\"font-weight: 400;\">:<\/span><\/p><ul style=\"text-align: left;\"><li style=\"font-weight: 400;\" aria-level=\"1\"><span style=\"font-weight: 400;\">departure between 20:00 and 24:00 - + 50% of the price,<\/span><\/li><li style=\"font-weight: 400;\" aria-level=\"1\"><span style=\"font-weight: 400;\">departure between 24:00 and 7:00 - + 100% of the price,<\/span><\/li><li style=\"font-weight: 400;\" aria-level=\"1\"><span style=\"font-weight: 400;\">departure on Saturday or Sunday (at any time) - + 50% of the price,<\/span><\/li><li style=\"font-weight: 400;\" aria-level=\"1\"><span style=\"font-weight: 400;\">departure on holidays (at any time) - + 100% of the price,<\/span><\/li><li style=\"font-weight: 400;\" aria-level=\"1\"><span style=\"font-weight: 400;\">Work under difficult conditions and work in metal - + 50% of the price.<\/span><\/li><li aria-level=\"1\">\u00a0<\/li><\/ul><p>\u00a0<\/p><p style=\"padding-left: 40px; text-align: left;\"><span style=\"font-weight: 400;\">The surcharge is always calculated from the sum of the price of work and overhead costs.<\/span><\/p><p>\u00a0<\/p>\t\t\t\t\t\t<\/div>\n\t\t\t\t<\/div>\n\t\t\t\t\t<\/div>\n\t\t<\/div>\n\t\t\t\t\t\t\t<\/div>\n\t\t<\/section>\n\t\t\t\t\t\t\t<\/div>","protected":false},"excerpt":{"rendered":"<p>&nbsp; Cen\u00edk&nbsp; Orienta\u010dn\u00ed cenu v\u00e1m na z\u00e1klad\u011b popisu va\u0161\u00ed situace sd\u011bl\u00edm v\u017edy p\u0159edem. Platit je mo\u017en\u00e9 v hotovosti i kartou. Pracuji v Praze a okol\u00ed, jsem nonstop k dispozici. Cena za otev\u0159en\u00ed zabouchnut\u00fdch dve\u0159\u00ed oby\u010dejn\u00e9 dve\u0159e (bakelitov\u00fd\/ hlin\u00edkov\u00fd \u0161t\u00edt) \u2013 od 350 K\u010d, dve\u0159e s bezpe\u010dnostn\u00edm kov\u00e1n\u00edm \u2013 od 500 K\u010d, bezpe\u010dnostn\u00ed \/ euro \/ [&hellip;]<\/p>","protected":false},"author":1,"featured_media":0,"parent":0,"menu_order":0,"comment_status":"closed","ping_status":"closed","template":"tpl-default-elementor.php","meta":{"footnotes":""},"yoast_head":"<!-- This site is optimized with the Yoast SEO plugin v20.13 - https:\/\/yoast.com\/wordpress\/plugins\/seo\/ -->\n<title>O n\u00e1s - Z\u00e1me\u010dn\u00edk Mat\u011bjovsk\u00fd<\/title>\n<meta name=\"description\" content=\"12 000+ obslou\u017een\u00fdch klient\u016f, 3 400+ proveden\u00fdch mont\u00e1\u017e\u00ed, 99% spokojenost z\u00e1kazn\u00edk\u016f\" \/>\n<meta name=\"robots\" content=\"index, follow, max-snippet:-1, max-image-preview:large, max-video-preview:-1\" \/>\n<link rel=\"canonical\" href=\"https:\/\/zamecnik-matejovsky.cz\/en\/about-us\/\" \/>\n<meta property=\"og:locale\" content=\"en_US\" \/>\n<meta property=\"og:type\" content=\"article\" \/>\n<meta property=\"og:title\" content=\"O n\u00e1s - Z\u00e1me\u010dn\u00edk Mat\u011bjovsk\u00fd\" \/>\n<meta property=\"og:description\" content=\"12 000+ obslou\u017een\u00fdch klient\u016f, 3 400+ proveden\u00fdch mont\u00e1\u017e\u00ed, 99% spokojenost z\u00e1kazn\u00edk\u016f\" \/>\n<meta property=\"og:url\" content=\"https:\/\/zamecnik-matejovsky.cz\/en\/about-us\/\" \/>\n<meta property=\"og:site_name\" content=\"Z\u00e1me\u010dn\u00edk Mat\u011bjovsk\u00fd\" \/>\n<meta property=\"article:modified_time\" content=\"2021-12-13T08:10:05+00:00\" \/>\n<meta name=\"twitter:card\" content=\"summary_large_image\" \/>\n<meta name=\"twitter:label1\" content=\"Est. reading time\" \/>\n\t<meta name=\"twitter:data1\" content=\"2 minutes\" \/>\n<script type=\"application\/ld+json\" class=\"yoast-schema-graph\">{\"@context\":\"https:\/\/schema.org\",\"@graph\":[{\"@type\":\"WebPage\",\"@id\":\"https:\/\/zamecnik-matejovsky.cz\/about-us\/\",\"url\":\"https:\/\/zamecnik-matejovsky.cz\/about-us\/\",\"name\":\"O n\u00e1s - Z\u00e1me\u010dn\u00edk Mat\u011bjovsk\u00fd\",\"isPartOf\":{\"@id\":\"https:\/\/zamecnik-matejovsky.cz\/#website\"},\"datePublished\":\"2020-10-27T13:00:57+00:00\",\"dateModified\":\"2021-12-13T08:10:05+00:00\",\"description\":\"12 000+ obslou\u017een\u00fdch klient\u016f, 3 400+ proveden\u00fdch mont\u00e1\u017e\u00ed, 99% spokojenost z\u00e1kazn\u00edk\u016f\",\"breadcrumb\":{\"@id\":\"https:\/\/zamecnik-matejovsky.cz\/about-us\/#breadcrumb\"},\"inLanguage\":\"en-US\",\"potentialAction\":[{\"@type\":\"ReadAction\",\"target\":[\"https:\/\/zamecnik-matejovsky.cz\/about-us\/\"]}]},{\"@type\":\"BreadcrumbList\",\"@id\":\"https:\/\/zamecnik-matejovsky.cz\/about-us\/#breadcrumb\",\"itemListElement\":[{\"@type\":\"ListItem\",\"position\":1,\"name\":\"Dom\u016f\",\"item\":\"https:\/\/zamecnik-matejovsky.cz\/\"},{\"@type\":\"ListItem\",\"position\":2,\"name\":\"O n\u00e1s\"}]},{\"@type\":\"WebSite\",\"@id\":\"https:\/\/zamecnik-matejovsky.cz\/#website\",\"url\":\"https:\/\/zamecnik-matejovsky.cz\/\",\"name\":\"Z\u00e1me\u010dn\u00edk Mat\u011bjovsk\u00fd\",\"description\":\"Nonstop pohotovost\",\"potentialAction\":[{\"@type\":\"SearchAction\",\"target\":{\"@type\":\"EntryPoint\",\"urlTemplate\":\"https:\/\/zamecnik-matejovsky.cz\/?s={search_term_string}\"},\"query-input\":\"required name=search_term_string\"}],\"inLanguage\":\"en-US\"}]}<\/script>\n<!-- \/ Yoast SEO plugin. -->","yoast_head_json":{"title":"O n\u00e1s - Z\u00e1me\u010dn\u00edk Mat\u011bjovsk\u00fd","description":"12 000+ obslou\u017een\u00fdch klient\u016f, 3 400+ proveden\u00fdch mont\u00e1\u017e\u00ed, 99% spokojenost z\u00e1kazn\u00edk\u016f","robots":{"index":"index","follow":"follow","max-snippet":"max-snippet:-1","max-image-preview":"max-image-preview:large","max-video-preview":"max-video-preview:-1"},"canonical":"https:\/\/zamecnik-matejovsky.cz\/en\/about-us\/","og_locale":"en_US","og_type":"article","og_title":"O n\u00e1s - Z\u00e1me\u010dn\u00edk Mat\u011bjovsk\u00fd","og_description":"12 000+ obslou\u017een\u00fdch klient\u016f, 3 400+ proveden\u00fdch mont\u00e1\u017e\u00ed, 99% spokojenost z\u00e1kazn\u00edk\u016f","og_url":"https:\/\/zamecnik-matejovsky.cz\/en\/about-us\/","og_site_name":"Z\u00e1me\u010dn\u00edk Mat\u011bjovsk\u00fd","article_modified_time":"2021-12-13T08:10:05+00:00","twitter_card":"summary_large_image","twitter_misc":{"Est. reading time":"2 minutes"},"schema":{"@context":"https:\/\/schema.org","@graph":[{"@type":"WebPage","@id":"https:\/\/zamecnik-matejovsky.cz\/about-us\/","url":"https:\/\/zamecnik-matejovsky.cz\/about-us\/","name":"O n\u00e1s - Z\u00e1me\u010dn\u00edk Mat\u011bjovsk\u00fd","isPartOf":{"@id":"https:\/\/zamecnik-matejovsky.cz\/#website"},"datePublished":"2020-10-27T13:00:57+00:00","dateModified":"2021-12-13T08:10:05+00:00","description":"12 000+ obslou\u017een\u00fdch klient\u016f, 3 400+ proveden\u00fdch mont\u00e1\u017e\u00ed, 99% spokojenost z\u00e1kazn\u00edk\u016f","breadcrumb":{"@id":"https:\/\/zamecnik-matejovsky.cz\/about-us\/#breadcrumb"},"inLanguage":"en-US","potentialAction":[{"@type":"ReadAction","target":["https:\/\/zamecnik-matejovsky.cz\/about-us\/"]}]},{"@type":"BreadcrumbList","@id":"https:\/\/zamecnik-matejovsky.cz\/about-us\/#breadcrumb","itemListElement":[{"@type":"ListItem","position":1,"name":"Dom\u016f","item":"https:\/\/zamecnik-matejovsky.cz\/"},{"@type":"ListItem","position":2,"name":"O n\u00e1s"}]},{"@type":"WebSite","@id":"https:\/\/zamecnik-matejovsky.cz\/#website","url":"https:\/\/zamecnik-matejovsky.cz\/","name":"Z\u00e1me\u010dn\u00edk Mat\u011bjovsk\u00fd","description":"Nonstop pohotovost","potentialAction":[{"@type":"SearchAction","target":{"@type":"EntryPoint","urlTemplate":"https:\/\/zamecnik-matejovsky.cz\/?s={search_term_string}"},"query-input":"required name=search_term_string"}],"inLanguage":"en-US"}]}},"_links":{"self":[{"href":"https:\/\/zamecnik-matejovsky.cz\/en\/wp-json\/wp\/v2\/pages\/176"}],"collection":[{"href":"https:\/\/zamecnik-matejovsky.cz\/en\/wp-json\/wp\/v2\/pages"}],"about":[{"href":"https:\/\/zamecnik-matejovsky.cz\/en\/wp-json\/wp\/v2\/types\/page"}],"author":[{"embeddable":true,"href":"https:\/\/zamecnik-matejovsky.cz\/en\/wp-json\/wp\/v2\/users\/1"}],"replies":[{"embeddable":true,"href":"https:\/\/zamecnik-matejovsky.cz\/en\/wp-json\/wp\/v2\/comments?post=176"}],"version-history":[{"count":6,"href":"https:\/\/zamecnik-matejovsky.cz\/en\/wp-json\/wp\/v2\/pages\/176\/revisions"}],"predecessor-version":[{"id":1430,"href":"https:\/\/zamecnik-matejovsky.cz\/en\/wp-json\/wp\/v2\/pages\/176\/revisions\/1430"}],"wp:attachment":[{"href":"https:\/\/zamecnik-matejovsky.cz\/en\/wp-json\/wp\/v2\/media?parent=176"}],"curies":[{"name":"wp","href":"https:\/\/api.w.org\/{rel}","templated":true}]}}