{"id":193,"date":"2020-10-28T06:43:36","date_gmt":"2020-10-28T06:43:36","guid":{"rendered":"http:\/\/wp.efforttech.net\/wp\/sparki\/?page_id=193"},"modified":"2021-06-21T15:24:32","modified_gmt":"2021-06-21T13:24:32","slug":"our-services","status":"publish","type":"page","link":"https:\/\/zamecnik-matejovsky.cz\/en\/our-services\/","title":{"rendered":"Services"},"content":{"rendered":"<div data-elementor-type=\"wp-page\" data-elementor-id=\"193\" class=\"elementor elementor-193\">\n\t\t\t\t\t\t\t\t\t<section class=\"elementor-section elementor-top-section elementor-element elementor-element-bb58f7f elementor-section-full_width elementor-section-height-default elementor-section-height-default\" data-id=\"bb58f7f\" data-element_type=\"section\">\n\t\t\t\t\t\t<div class=\"elementor-container elementor-column-gap-default\">\n\t\t\t\t\t<div class=\"elementor-column elementor-col-100 elementor-top-column elementor-element elementor-element-a4f615a\" data-id=\"a4f615a\" data-element_type=\"column\">\n\t\t\t<div class=\"elementor-widget-wrap elementor-element-populated\">\n\t\t\t\t\t\t\t\t<div class=\"elementor-element elementor-element-e2e878e elementor-widget elementor-widget-sparki_featured_services_v1\" data-id=\"e2e878e\" data-element_type=\"widget\" data-widget_type=\"sparki_featured_services_v1.default\">\n\t\t\t\t<div class=\"elementor-widget-container\">\n\t\t\t        \r\n        <!-- Service Section -->\r\n        <section class=\"services-section\">\r\n            <div class=\"auto-container\">\r\n                <div class=\"row clearfix\">\r\n                                        <!-- Service Block -->\r\n                    <div class=\"service-block col-lg-4 col-md-6 col-sm-12\">\r\n                        <div class=\"inner-box wow fadeInLeft\" data-wow-delay=\"0ms\" data-wow-duration=\"1500ms\">\r\n                            <div class=\"icon-box\">\r\n                                <span class=\"icon\"><img loading=\"lazy\" width=\"130\" height=\"130\" src=\"https:\/\/zamecnik-matejovsky.cz\/wp-content\/uploads\/2020\/10\/service-icon-1.png\" class=\"attachment-sparki_130x130 size-sparki_130x130 wp-post-image\" alt=\"\" decoding=\"async\" \/><\/span>\r\n                            <\/div>\r\n                            <h4>Home Computer  Repairs<\/h4>\r\n                            <div class=\"text\">We offer a PC and laptop same day repair service for home users. hardware problems solved.<\/div>\r\n                            <div class=\"overlay-box\">\r\n                                <div class=\"overlay-inner\">\r\n                                    <div class=\"content\">\r\n                                        <div class=\"overlay-icon-box\">\r\n                                            <span class=\"overlay-icon\"><img loading=\"lazy\" width=\"130\" height=\"130\" src=\"https:\/\/zamecnik-matejovsky.cz\/wp-content\/uploads\/2020\/10\/service-icon-1.png\" class=\"attachment-sparki_130x130 size-sparki_130x130 wp-post-image\" alt=\"\" decoding=\"async\" \/><\/span>\r\n                                        <\/div>\r\n                                        \r\n                                        \t\t\t\t\t\t\t\t\t\t<ul class=\"service-list\">\r\n\t\t\t\t\t\t\t\t\t\t\t\t\t\t\t\t\t\t\t\t\t\t\t<li>Fast Reliable Service\r<\/li>\r\n\t\t\t\t\t\t\t\t\t\t\t\t\t\t\t\t\t\t\t\t\t\t\t<li>Office 365 Support\r<\/li>\r\n\t\t\t\t\t\t\t\t\t\t\t\t\t\t\t\t\t\t\t\t\t\t\t<li>Bespoke, Priority Service\r<\/li>\r\n\t\t\t\t\t\t\t\t\t\t\t\t\t\t\t\t\t\t\t\t\t\t\t<li>Full Network Support<\/li>\r\n\t\t\t\t\t\t\t\t\t\t\t\t\t\t\t\t\t\t\t\t\t<\/ul>\r\n\t\t\t\t\t\t\t\t\t\t                                    <\/div>\r\n                                    <a href=\"http:\/\/wp.efforttech.net\/wp\/sparki\/home-computer-repair\/\" class=\"plus flaticon-plus\"><\/a>\r\n                                <\/div>\r\n                            <\/div>\r\n                        <\/div>\r\n                    <\/div>\r\n                                        <!-- Service Block -->\r\n                    <div class=\"service-block col-lg-4 col-md-6 col-sm-12\">\r\n                        <div class=\"inner-box wow fadeInLeft\" data-wow-delay=\"0ms\" data-wow-duration=\"1500ms\">\r\n                            <div class=\"icon-box\">\r\n                                <span class=\"icon\"><img loading=\"lazy\" width=\"130\" height=\"130\" src=\"https:\/\/zamecnik-matejovsky.cz\/wp-content\/uploads\/2020\/10\/service-icon-2.png\" class=\"attachment-sparki_130x130 size-sparki_130x130 wp-post-image\" alt=\"\" decoding=\"async\" \/><\/span>\r\n                            <\/div>\r\n                            <h4>Home Tools  Repairs<\/h4>\r\n                            <div class=\"text\">Business will frequently occur the pleasures have to be repudiated and annoyances accepted.<\/div>\r\n                            <div class=\"overlay-box\">\r\n                                <div class=\"overlay-inner\">\r\n                                    <div class=\"content\">\r\n                                        <div class=\"overlay-icon-box\">\r\n                                            <span class=\"overlay-icon\"><img loading=\"lazy\" width=\"130\" height=\"130\" src=\"https:\/\/zamecnik-matejovsky.cz\/wp-content\/uploads\/2020\/10\/service-icon-2.png\" class=\"attachment-sparki_130x130 size-sparki_130x130 wp-post-image\" alt=\"\" decoding=\"async\" \/><\/span>\r\n                                        <\/div>\r\n                                        \r\n                                        \t\t\t\t\t\t\t\t\t\t<ul class=\"service-list\">\r\n\t\t\t\t\t\t\t\t\t\t\t\t\t\t\t\t\t\t\t\t\t\t\t<li>Fast Reliable Service\r<\/li>\r\n\t\t\t\t\t\t\t\t\t\t\t\t\t\t\t\t\t\t\t\t\t\t\t<li>Office 365 Support\r<\/li>\r\n\t\t\t\t\t\t\t\t\t\t\t\t\t\t\t\t\t\t\t\t\t\t\t<li>Bespoke, Priority Service\r<\/li>\r\n\t\t\t\t\t\t\t\t\t\t\t\t\t\t\t\t\t\t\t\t\t\t\t<li>Full Network Support<\/li>\r\n\t\t\t\t\t\t\t\t\t\t\t\t\t\t\t\t\t\t\t\t\t<\/ul>\r\n\t\t\t\t\t\t\t\t\t\t                                    <\/div>\r\n                                    <a href=\"http:\/\/wp.efforttech.net\/wp\/sparki\/home-tools-repair\/\" class=\"plus flaticon-plus\"><\/a>\r\n                                <\/div>\r\n                            <\/div>\r\n                        <\/div>\r\n                    <\/div>\r\n                                        <!-- Service Block -->\r\n                    <div class=\"service-block col-lg-4 col-md-6 col-sm-12\">\r\n                        <div class=\"inner-box wow fadeInLeft\" data-wow-delay=\"0ms\" data-wow-duration=\"1500ms\">\r\n                            <div class=\"icon-box\">\r\n                                <span class=\"icon\"><img loading=\"lazy\" width=\"130\" height=\"130\" src=\"https:\/\/zamecnik-matejovsky.cz\/wp-content\/uploads\/2020\/10\/service-icon-3.png\" class=\"attachment-sparki_130x130 size-sparki_130x130 wp-post-image\" alt=\"\" decoding=\"async\" \/><\/span>\r\n                            <\/div>\r\n                            <h4>Home Appliance  Repairing<\/h4>\r\n                            <div class=\"text\">Righteous indignation dislike men who are so beguiled demoralizeds by the charms of pleasures.<\/div>\r\n                            <div class=\"overlay-box\">\r\n                                <div class=\"overlay-inner\">\r\n                                    <div class=\"content\">\r\n                                        <div class=\"overlay-icon-box\">\r\n                                            <span class=\"overlay-icon\"><img loading=\"lazy\" width=\"130\" height=\"130\" src=\"https:\/\/zamecnik-matejovsky.cz\/wp-content\/uploads\/2020\/10\/service-icon-3.png\" class=\"attachment-sparki_130x130 size-sparki_130x130 wp-post-image\" alt=\"\" decoding=\"async\" \/><\/span>\r\n                                        <\/div>\r\n                                        \r\n                                        \t\t\t\t\t\t\t\t\t\t<ul class=\"service-list\">\r\n\t\t\t\t\t\t\t\t\t\t\t\t\t\t\t\t\t\t\t\t\t\t\t<li>Fast Reliable Service\r<\/li>\r\n\t\t\t\t\t\t\t\t\t\t\t\t\t\t\t\t\t\t\t\t\t\t\t<li>Office 365 Support\r<\/li>\r\n\t\t\t\t\t\t\t\t\t\t\t\t\t\t\t\t\t\t\t\t\t\t\t<li>Bespoke, Priority Service\r<\/li>\r\n\t\t\t\t\t\t\t\t\t\t\t\t\t\t\t\t\t\t\t\t\t\t\t<li>Full Network Support<\/li>\r\n\t\t\t\t\t\t\t\t\t\t\t\t\t\t\t\t\t\t\t\t\t<\/ul>\r\n\t\t\t\t\t\t\t\t\t\t                                    <\/div>\r\n                                    <a href=\"http:\/\/wp.efforttech.net\/wp\/sparki\/home-appliances-repair\/\" class=\"plus flaticon-plus\"><\/a>\r\n                                <\/div>\r\n                            <\/div>\r\n                        <\/div>\r\n                    <\/div>\r\n                                        <!-- Service Block -->\r\n                    <div class=\"service-block col-lg-4 col-md-6 col-sm-12\">\r\n                        <div class=\"inner-box wow fadeInLeft\" data-wow-delay=\"0ms\" data-wow-duration=\"1500ms\">\r\n                            <div class=\"icon-box\">\r\n                                <span class=\"icon\"><img loading=\"lazy\" width=\"130\" height=\"130\" src=\"https:\/\/zamecnik-matejovsky.cz\/wp-content\/uploads\/2020\/10\/service-icon-4.png\" class=\"attachment-sparki_130x130 size-sparki_130x130 wp-post-image\" alt=\"\" decoding=\"async\" \/><\/span>\r\n                            <\/div>\r\n                            <h4>Home Computer  Repairs<\/h4>\r\n                            <div class=\"text\">We offer a PC and laptop same day repair service for home users. hardware problems solved.<\/div>\r\n                            <div class=\"overlay-box\">\r\n                                <div class=\"overlay-inner\">\r\n                                    <div class=\"content\">\r\n                                        <div class=\"overlay-icon-box\">\r\n                                            <span class=\"overlay-icon\"><img loading=\"lazy\" width=\"130\" height=\"130\" src=\"https:\/\/zamecnik-matejovsky.cz\/wp-content\/uploads\/2020\/10\/service-icon-4.png\" class=\"attachment-sparki_130x130 size-sparki_130x130 wp-post-image\" alt=\"\" decoding=\"async\" \/><\/span>\r\n                                        <\/div>\r\n                                        \r\n                                        \t\t\t\t\t\t\t\t\t\t<ul class=\"service-list\">\r\n\t\t\t\t\t\t\t\t\t\t\t\t\t\t\t\t\t\t\t\t\t\t\t<li>Fast Reliable Service\r<\/li>\r\n\t\t\t\t\t\t\t\t\t\t\t\t\t\t\t\t\t\t\t\t\t\t\t<li>Office 365 Support\r<\/li>\r\n\t\t\t\t\t\t\t\t\t\t\t\t\t\t\t\t\t\t\t\t\t\t\t<li>Bespoke, Priority Service\r<\/li>\r\n\t\t\t\t\t\t\t\t\t\t\t\t\t\t\t\t\t\t\t\t\t\t\t<li>Full Network Support<\/li>\r\n\t\t\t\t\t\t\t\t\t\t\t\t\t\t\t\t\t\t\t\t\t<\/ul>\r\n\t\t\t\t\t\t\t\t\t\t                                    <\/div>\r\n                                    <a href=\"http:\/\/wp.efforttech.net\/wp\/sparki\/home-computer-repair\/\" class=\"plus flaticon-plus\"><\/a>\r\n                                <\/div>\r\n                            <\/div>\r\n                        <\/div>\r\n                    <\/div>\r\n                                        <!-- Service Block -->\r\n                    <div class=\"service-block col-lg-4 col-md-6 col-sm-12\">\r\n                        <div class=\"inner-box wow fadeInLeft\" data-wow-delay=\"0ms\" data-wow-duration=\"1500ms\">\r\n                            <div class=\"icon-box\">\r\n                                <span class=\"icon\"><img loading=\"lazy\" width=\"130\" height=\"130\" src=\"https:\/\/zamecnik-matejovsky.cz\/wp-content\/uploads\/2020\/10\/service-icon-5.png\" class=\"attachment-sparki_130x130 size-sparki_130x130 wp-post-image\" alt=\"\" decoding=\"async\" \/><\/span>\r\n                            <\/div>\r\n                            <h4>Home Tools  Repairs<\/h4>\r\n                            <div class=\"text\">We offer a PC and laptop same day repair service for home users. hardware problems solved.<\/div>\r\n                            <div class=\"overlay-box\">\r\n                                <div class=\"overlay-inner\">\r\n                                    <div class=\"content\">\r\n                                        <div class=\"overlay-icon-box\">\r\n                                            <span class=\"overlay-icon\"><img loading=\"lazy\" width=\"130\" height=\"130\" src=\"https:\/\/zamecnik-matejovsky.cz\/wp-content\/uploads\/2020\/10\/service-icon-5.png\" class=\"attachment-sparki_130x130 size-sparki_130x130 wp-post-image\" alt=\"\" decoding=\"async\" \/><\/span>\r\n                                        <\/div>\r\n                                        \r\n                                        \t\t\t\t\t\t\t\t\t\t<ul class=\"service-list\">\r\n\t\t\t\t\t\t\t\t\t\t\t\t\t\t\t\t\t\t\t\t\t\t\t<li>Fast Reliable Service\r<\/li>\r\n\t\t\t\t\t\t\t\t\t\t\t\t\t\t\t\t\t\t\t\t\t\t\t<li>Office 365 Support\r<\/li>\r\n\t\t\t\t\t\t\t\t\t\t\t\t\t\t\t\t\t\t\t\t\t\t\t<li>Bespoke, Priority Service\r<\/li>\r\n\t\t\t\t\t\t\t\t\t\t\t\t\t\t\t\t\t\t\t\t\t\t\t<li>Full Network Support<\/li>\r\n\t\t\t\t\t\t\t\t\t\t\t\t\t\t\t\t\t\t\t\t\t<\/ul>\r\n\t\t\t\t\t\t\t\t\t\t                                    <\/div>\r\n                                    <a href=\"http:\/\/wp.efforttech.net\/wp\/sparki\/home-tools-repair\/\" class=\"plus flaticon-plus\"><\/a>\r\n                                <\/div>\r\n                            <\/div>\r\n                        <\/div>\r\n                    <\/div>\r\n                                        <!-- Service Block -->\r\n                    <div class=\"service-block col-lg-4 col-md-6 col-sm-12\">\r\n                        <div class=\"inner-box wow fadeInLeft\" data-wow-delay=\"0ms\" data-wow-duration=\"1500ms\">\r\n                            <div class=\"icon-box\">\r\n                                <span class=\"icon\"><img loading=\"lazy\" width=\"130\" height=\"130\" src=\"https:\/\/zamecnik-matejovsky.cz\/wp-content\/uploads\/2020\/10\/service-icon-6.png\" class=\"attachment-sparki_130x130 size-sparki_130x130 wp-post-image\" alt=\"\" decoding=\"async\" \/><\/span>\r\n                            <\/div>\r\n                            <h4>Home Appliance  Repairing<\/h4>\r\n                            <div class=\"text\">We offer a PC and laptop same day repair service for home users. hardware problems solved.<\/div>\r\n                            <div class=\"overlay-box\">\r\n                                <div class=\"overlay-inner\">\r\n                                    <div class=\"content\">\r\n                                        <div class=\"overlay-icon-box\">\r\n                                            <span class=\"overlay-icon\"><img loading=\"lazy\" width=\"130\" height=\"130\" src=\"https:\/\/zamecnik-matejovsky.cz\/wp-content\/uploads\/2020\/10\/service-icon-6.png\" class=\"attachment-sparki_130x130 size-sparki_130x130 wp-post-image\" alt=\"\" decoding=\"async\" \/><\/span>\r\n                                        <\/div>\r\n                                        \r\n                                        \t\t\t\t\t\t\t\t\t\t<ul class=\"service-list\">\r\n\t\t\t\t\t\t\t\t\t\t\t\t\t\t\t\t\t\t\t\t\t\t\t<li>Fast Reliable Service\r<\/li>\r\n\t\t\t\t\t\t\t\t\t\t\t\t\t\t\t\t\t\t\t\t\t\t\t<li>Office 365 Support\r<\/li>\r\n\t\t\t\t\t\t\t\t\t\t\t\t\t\t\t\t\t\t\t\t\t\t\t<li>Bespoke, Priority Service\r<\/li>\r\n\t\t\t\t\t\t\t\t\t\t\t\t\t\t\t\t\t\t\t\t\t\t\t<li>Full Network Support<\/li>\r\n\t\t\t\t\t\t\t\t\t\t\t\t\t\t\t\t\t\t\t\t\t<\/ul>\r\n\t\t\t\t\t\t\t\t\t\t                                    <\/div>\r\n                                    <a href=\"http:\/\/wp.efforttech.net\/wp\/sparki\/home-appliances-repair\/\" class=\"plus flaticon-plus\"><\/a>\r\n                                <\/div>\r\n                            <\/div>\r\n                        <\/div>\r\n                    <\/div>\r\n                                    <\/div>\r\n            <\/div>\r\n        <\/section>\r\n        <!-- End Service Section -->\r\n        \r\n        \t\t<\/div>\n\t\t\t\t<\/div>\n\t\t\t\t\t<\/div>\n\t\t<\/div>\n\t\t\t\t\t\t\t<\/div>\n\t\t<\/section>\n\t\t\t\t\t\t\t<\/div>","protected":false},"excerpt":{"rendered":"<p>Home Computer Repairs We offer a PC and laptop same day repair service for home users. hardware problems solved. Fast Reliable Service Office 365 Support Bespoke, Priority Service Full Network Support Home Tools Repairs We offer a PC and laptop same day repair service for home users. hardware problems solved. Fast Reliable Service Office 365 [&hellip;]<\/p>","protected":false},"author":1,"featured_media":0,"parent":0,"menu_order":0,"comment_status":"closed","ping_status":"closed","template":"tpl-default-elementor.php","meta":{"footnotes":""},"yoast_head":"<!-- This site is optimized with the Yoast SEO plugin v20.13 - https:\/\/yoast.com\/wordpress\/plugins\/seo\/ -->\n<title>Slu\u017eby - Z\u00e1me\u010dn\u00edk Mat\u011bjovsk\u00fd<\/title>\n<meta name=\"robots\" content=\"index, follow, max-snippet:-1, max-image-preview:large, max-video-preview:-1\" \/>\n<link rel=\"canonical\" href=\"https:\/\/zamecnik-matejovsky.cz\/en\/our-services\/\" \/>\n<meta property=\"og:locale\" content=\"en_US\" \/>\n<meta property=\"og:type\" content=\"article\" \/>\n<meta property=\"og:title\" content=\"Slu\u017eby - Z\u00e1me\u010dn\u00edk Mat\u011bjovsk\u00fd\" \/>\n<meta property=\"og:description\" content=\"Home Computer Repairs We offer a PC and laptop same day repair service for home users. hardware problems solved. Fast Reliable Service Office 365 Support Bespoke, Priority Service Full Network Support Home Tools Repairs We offer a PC and laptop same day repair service for home users. hardware problems solved. Fast Reliable Service Office 365 [&hellip;]\" \/>\n<meta property=\"og:url\" content=\"https:\/\/zamecnik-matejovsky.cz\/en\/our-services\/\" \/>\n<meta property=\"og:site_name\" content=\"Z\u00e1me\u010dn\u00edk Mat\u011bjovsk\u00fd\" \/>\n<meta property=\"article:modified_time\" content=\"2021-06-21T13:24:32+00:00\" \/>\n<meta property=\"og:image\" content=\"http:\/\/zamecnik-matejovsky.cz\/wp-content\/uploads\/2020\/10\/service-icon-1.png\" \/>\n<meta name=\"twitter:card\" content=\"summary_large_image\" \/>\n<script type=\"application\/ld+json\" class=\"yoast-schema-graph\">{\"@context\":\"https:\/\/schema.org\",\"@graph\":[{\"@type\":\"WebPage\",\"@id\":\"https:\/\/zamecnik-matejovsky.cz\/our-services\/\",\"url\":\"https:\/\/zamecnik-matejovsky.cz\/our-services\/\",\"name\":\"Slu\u017eby - Z\u00e1me\u010dn\u00edk Mat\u011bjovsk\u00fd\",\"isPartOf\":{\"@id\":\"https:\/\/zamecnik-matejovsky.cz\/#website\"},\"datePublished\":\"2020-10-28T06:43:36+00:00\",\"dateModified\":\"2021-06-21T13:24:32+00:00\",\"breadcrumb\":{\"@id\":\"https:\/\/zamecnik-matejovsky.cz\/our-services\/#breadcrumb\"},\"inLanguage\":\"en-US\",\"potentialAction\":[{\"@type\":\"ReadAction\",\"target\":[\"https:\/\/zamecnik-matejovsky.cz\/our-services\/\"]}]},{\"@type\":\"BreadcrumbList\",\"@id\":\"https:\/\/zamecnik-matejovsky.cz\/our-services\/#breadcrumb\",\"itemListElement\":[{\"@type\":\"ListItem\",\"position\":1,\"name\":\"Dom\u016f\",\"item\":\"https:\/\/zamecnik-matejovsky.cz\/\"},{\"@type\":\"ListItem\",\"position\":2,\"name\":\"Slu\u017eby\"}]},{\"@type\":\"WebSite\",\"@id\":\"https:\/\/zamecnik-matejovsky.cz\/#website\",\"url\":\"https:\/\/zamecnik-matejovsky.cz\/\",\"name\":\"Z\u00e1me\u010dn\u00edk Mat\u011bjovsk\u00fd\",\"description\":\"Nonstop pohotovost\",\"potentialAction\":[{\"@type\":\"SearchAction\",\"target\":{\"@type\":\"EntryPoint\",\"urlTemplate\":\"https:\/\/zamecnik-matejovsky.cz\/?s={search_term_string}\"},\"query-input\":\"required name=search_term_string\"}],\"inLanguage\":\"en-US\"}]}<\/script>\n<!-- \/ Yoast SEO plugin. -->","yoast_head_json":{"title":"Slu\u017eby - Z\u00e1me\u010dn\u00edk Mat\u011bjovsk\u00fd","robots":{"index":"index","follow":"follow","max-snippet":"max-snippet:-1","max-image-preview":"max-image-preview:large","max-video-preview":"max-video-preview:-1"},"canonical":"https:\/\/zamecnik-matejovsky.cz\/en\/our-services\/","og_locale":"en_US","og_type":"article","og_title":"Slu\u017eby - Z\u00e1me\u010dn\u00edk Mat\u011bjovsk\u00fd","og_description":"Home Computer Repairs We offer a PC and laptop same day repair service for home users. hardware problems solved. Fast Reliable Service Office 365 Support Bespoke, Priority Service Full Network Support Home Tools Repairs We offer a PC and laptop same day repair service for home users. hardware problems solved. Fast Reliable Service Office 365 [&hellip;]","og_url":"https:\/\/zamecnik-matejovsky.cz\/en\/our-services\/","og_site_name":"Z\u00e1me\u010dn\u00edk Mat\u011bjovsk\u00fd","article_modified_time":"2021-06-21T13:24:32+00:00","og_image":[{"url":"http:\/\/zamecnik-matejovsky.cz\/wp-content\/uploads\/2020\/10\/service-icon-1.png"}],"twitter_card":"summary_large_image","schema":{"@context":"https:\/\/schema.org","@graph":[{"@type":"WebPage","@id":"https:\/\/zamecnik-matejovsky.cz\/our-services\/","url":"https:\/\/zamecnik-matejovsky.cz\/our-services\/","name":"Slu\u017eby - Z\u00e1me\u010dn\u00edk Mat\u011bjovsk\u00fd","isPartOf":{"@id":"https:\/\/zamecnik-matejovsky.cz\/#website"},"datePublished":"2020-10-28T06:43:36+00:00","dateModified":"2021-06-21T13:24:32+00:00","breadcrumb":{"@id":"https:\/\/zamecnik-matejovsky.cz\/our-services\/#breadcrumb"},"inLanguage":"en-US","potentialAction":[{"@type":"ReadAction","target":["https:\/\/zamecnik-matejovsky.cz\/our-services\/"]}]},{"@type":"BreadcrumbList","@id":"https:\/\/zamecnik-matejovsky.cz\/our-services\/#breadcrumb","itemListElement":[{"@type":"ListItem","position":1,"name":"Dom\u016f","item":"https:\/\/zamecnik-matejovsky.cz\/"},{"@type":"ListItem","position":2,"name":"Slu\u017eby"}]},{"@type":"WebSite","@id":"https:\/\/zamecnik-matejovsky.cz\/#website","url":"https:\/\/zamecnik-matejovsky.cz\/","name":"Z\u00e1me\u010dn\u00edk Mat\u011bjovsk\u00fd","description":"Nonstop pohotovost","potentialAction":[{"@type":"SearchAction","target":{"@type":"EntryPoint","urlTemplate":"https:\/\/zamecnik-matejovsky.cz\/?s={search_term_string}"},"query-input":"required name=search_term_string"}],"inLanguage":"en-US"}]}},"_links":{"self":[{"href":"https:\/\/zamecnik-matejovsky.cz\/en\/wp-json\/wp\/v2\/pages\/193"}],"collection":[{"href":"https:\/\/zamecnik-matejovsky.cz\/en\/wp-json\/wp\/v2\/pages"}],"about":[{"href":"https:\/\/zamecnik-matejovsky.cz\/en\/wp-json\/wp\/v2\/types\/page"}],"author":[{"embeddable":true,"href":"https:\/\/zamecnik-matejovsky.cz\/en\/wp-json\/wp\/v2\/users\/1"}],"replies":[{"embeddable":true,"href":"https:\/\/zamecnik-matejovsky.cz\/en\/wp-json\/wp\/v2\/comments?post=193"}],"version-history":[{"count":3,"href":"https:\/\/zamecnik-matejovsky.cz\/en\/wp-json\/wp\/v2\/pages\/193\/revisions"}],"predecessor-version":[{"id":1145,"href":"https:\/\/zamecnik-matejovsky.cz\/en\/wp-json\/wp\/v2\/pages\/193\/revisions\/1145"}],"wp:attachment":[{"href":"https:\/\/zamecnik-matejovsky.cz\/en\/wp-json\/wp\/v2\/media?parent=193"}],"curies":[{"name":"wp","href":"https:\/\/api.w.org\/{rel}","templated":true}]}}