{"id":221,"date":"2020-10-28T07:16:28","date_gmt":"2020-10-28T07:16:28","guid":{"rendered":"http:\/\/wp.efforttech.net\/wp\/sparki\/?page_id=221"},"modified":"2022-01-14T10:15:44","modified_gmt":"2022-01-14T09:15:44","slug":"contact","status":"publish","type":"page","link":"https:\/\/zamecnik-matejovsky.cz\/en\/contact\/","title":{"rendered":"Contact"},"content":{"rendered":"<div data-elementor-type=\"wp-page\" data-elementor-id=\"221\" class=\"elementor elementor-221\">\n\t\t\t\t\t\t\t\t\t<section class=\"elementor-section elementor-top-section elementor-element elementor-element-28e9dfb elementor-section-full_width elementor-section-height-default elementor-section-height-default\" data-id=\"28e9dfb\" data-element_type=\"section\">\n\t\t\t\t\t\t<div class=\"elementor-container elementor-column-gap-default\">\n\t\t\t\t\t<div class=\"elementor-column elementor-col-100 elementor-top-column elementor-element elementor-element-02b47c3\" data-id=\"02b47c3\" data-element_type=\"column\">\n\t\t\t<div class=\"elementor-widget-wrap elementor-element-populated\">\n\t\t\t\t\t\t\t\t<div class=\"elementor-element elementor-element-f80b7c9 elementor-widget elementor-widget-sparki_contact_us\" data-id=\"f80b7c9\" data-element_type=\"widget\" data-widget_type=\"sparki_contact_us.default\">\n\t\t\t\t<div class=\"elementor-widget-container\">\n\t\t\t        \r\n        <!--Contact Section-->\r\n        <section class=\"contact-section\">\r\n            <div class=\"auto-container\">\r\n                <div class=\"title centered\">\r\n                    <h3>Contact - locksmith Mat\u011bjovsk\u00fd<\/h3>\r\n                <\/div>\r\n    \r\n                <div class=\"upper-info\">\r\n                    <div class=\"row clearfix\">\r\n                    \t                        <div class=\"info-block col-xl-3 col-lg-6 col-md-6 col-sm-12 wow fadeInUp\" data-wow-delay=\"0ms\" data-wow-duration=\"1500ms\">\r\n                            <div class=\"inner-box\">\r\n                                <h5>Contact information<\/h5>\r\n                                <div class=\"text\">\r\n                                    <ul class=\"info\">\r\n                                        <li>Pavel Mat\u011bjovsk\u00fd<br>\n<\/li>\r\n                                        <li><a href=\"mailto:zamecnik.matejovsky&lt;br&gt;@gmail.com\">zamecnik.matejovsky<br>@gmail.com<\/a><\/li>\r\n                                        <li><a href=\"tel:\"><\/a><\/li>\r\n                                    <\/ul>\r\n                                <\/div>\r\n                            <\/div>\r\n                        <\/div>\r\n                                                <div class=\"info-block col-xl-3 col-lg-6 col-md-6 col-sm-12 wow fadeInUp\" data-wow-delay=\"0ms\" data-wow-duration=\"1500ms\">\r\n                            <div class=\"inner-box\">\r\n                                <h5>Organization identification number<\/h5>\r\n                                <div class=\"text\">\r\n                                    <ul class=\"info\">\r\n                                        <li>I\u010cO: 07887558<br>\nI am not VAT registered subject<\/li>\r\n                                        <li><a href=\"mailto:\"><\/a><\/li>\r\n                                        <li><a href=\"tel:\"><\/a><\/li>\r\n                                    <\/ul>\r\n                                <\/div>\r\n                            <\/div>\r\n                        <\/div>\r\n                                                <div class=\"info-block col-xl-3 col-lg-6 col-md-6 col-sm-12 wow fadeInUp\" data-wow-delay=\"0ms\" data-wow-duration=\"1500ms\">\r\n                            <div class=\"inner-box\">\r\n                                <h5>Address<\/h5>\r\n                                <div class=\"text\">\r\n                                    <ul class=\"info\">\r\n                                        <li>Registered office: Hradeck\u00e1 327\/4, Prague 130 00<\/li>\r\n                                        <li><a href=\"mailto:\"><\/a><\/li>\r\n                                        <li><a href=\"tel:\"><\/a><\/li>\r\n                                    <\/ul>\r\n                                <\/div>\r\n                            <\/div>\r\n                        <\/div>\r\n                                                <div class=\"info-block col-xl-3 col-lg-6 col-md-6 col-sm-12 wow fadeInUp\" data-wow-delay=\"0ms\" data-wow-duration=\"1500ms\">\r\n                            <div class=\"inner-box\">\r\n                                <h5>Telephone number<\/h5>\r\n                                <div class=\"text\">\r\n                                    <ul class=\"info\">\r\n                                        <li><\/li>\r\n                                        <li><a href=\"mailto:\"><\/a><\/li>\r\n                                        <li><a href=\"tel:420731583939\">tel: +420 731 583 939<\/a><\/li>\r\n                                    <\/ul>\r\n                                <\/div>\r\n                            <\/div>\r\n                        <\/div>\r\n                                            <\/div>\r\n                <\/div>\r\n    \r\n                <div class=\"map-box\">\r\n                                    <\/div>\r\n                \r\n                <div class=\"form-box\">\r\n                    <div class=\"title centered\">\r\n                        <h3><\/h3>\r\n                    <\/div>\r\n                    <div class=\"default-form\">\r\n                    \t                    <\/div>\r\n                <\/div>\r\n            <\/div>\r\n        <\/section>\r\n        \r\n        \t\t<\/div>\n\t\t\t\t<\/div>\n\t\t\t\t\t<\/div>\n\t\t<\/div>\n\t\t\t\t\t\t\t<\/div>\n\t\t<\/section>\n\t\t\t\t\t\t\t<\/div>","protected":false},"excerpt":{"rendered":"<p>Kontakt \u2013 z\u00e1me\u010dn\u00edk Mat\u011bjovsk\u00fd Kontaktn\u00ed \u00fadaje Pavel Mat\u011bjovsk\u00fd zamecnik.matejovsky @gmail.com Identifika\u010dn\u00edho \u010d\u00edsla organizace I\u010cO: 07887558 nejsem pl\u00e1tce DPH Adresa S\u00eddlo: Hradeck\u00e1 327\/4, Praha 130 00 Telefonn\u00ed \u010d\u00edslo tel: +420 731 583 939<\/p>","protected":false},"author":1,"featured_media":1428,"parent":0,"menu_order":0,"comment_status":"closed","ping_status":"closed","template":"tpl-default-elementor.php","meta":{"footnotes":""},"yoast_head":"<!-- This site is optimized with the Yoast SEO plugin v20.13 - https:\/\/yoast.com\/wordpress\/plugins\/seo\/ -->\n<title>Kontakt - Z\u00e1me\u010dn\u00edk Mat\u011bjovsk\u00fd<\/title>\n<meta name=\"description\" content=\"Pot\u0159ebujete rychl\u00e9ho z\u00e1me\u010dn\u00edka v Praze? Ihned volejte +420 731 583 939. P\u0159\u00edjezd od 15 minut.\" \/>\n<meta name=\"robots\" content=\"index, follow, max-snippet:-1, max-image-preview:large, max-video-preview:-1\" \/>\n<link rel=\"canonical\" href=\"https:\/\/zamecnik-matejovsky.cz\/en\/contact\/\" \/>\n<meta property=\"og:locale\" content=\"en_US\" \/>\n<meta property=\"og:type\" content=\"article\" \/>\n<meta property=\"og:title\" content=\"Kontakt - Z\u00e1me\u010dn\u00edk Mat\u011bjovsk\u00fd\" \/>\n<meta property=\"og:description\" content=\"Pot\u0159ebujete rychl\u00e9ho z\u00e1me\u010dn\u00edka v Praze? Ihned volejte +420 731 583 939. P\u0159\u00edjezd od 15 minut.\" \/>\n<meta property=\"og:url\" content=\"https:\/\/zamecnik-matejovsky.cz\/en\/contact\/\" \/>\n<meta property=\"og:site_name\" content=\"Z\u00e1me\u010dn\u00edk Mat\u011bjovsk\u00fd\" \/>\n<meta property=\"article:modified_time\" content=\"2022-01-14T09:15:44+00:00\" \/>\n<meta property=\"og:image\" content=\"https:\/\/zamecnik-matejovsky.cz\/wp-content\/uploads\/2021\/06\/choose_us_bg.jpg\" \/>\n\t<meta property=\"og:image:width\" content=\"1894\" \/>\n\t<meta property=\"og:image:height\" content=\"619\" \/>\n\t<meta property=\"og:image:type\" content=\"image\/jpeg\" \/>\n<meta name=\"twitter:card\" content=\"summary_large_image\" \/>\n<meta name=\"twitter:label1\" content=\"Est. reading time\" \/>\n\t<meta name=\"twitter:data1\" content=\"1 minute\" \/>\n<script type=\"application\/ld+json\" class=\"yoast-schema-graph\">{\"@context\":\"https:\/\/schema.org\",\"@graph\":[{\"@type\":\"WebPage\",\"@id\":\"https:\/\/zamecnik-matejovsky.cz\/contact\/\",\"url\":\"https:\/\/zamecnik-matejovsky.cz\/contact\/\",\"name\":\"Kontakt - Z\u00e1me\u010dn\u00edk Mat\u011bjovsk\u00fd\",\"isPartOf\":{\"@id\":\"https:\/\/zamecnik-matejovsky.cz\/#website\"},\"datePublished\":\"2020-10-28T07:16:28+00:00\",\"dateModified\":\"2022-01-14T09:15:44+00:00\",\"description\":\"Pot\u0159ebujete rychl\u00e9ho z\u00e1me\u010dn\u00edka v Praze? Ihned volejte +420 731 583 939. P\u0159\u00edjezd od 15 minut.\",\"breadcrumb\":{\"@id\":\"https:\/\/zamecnik-matejovsky.cz\/contact\/#breadcrumb\"},\"inLanguage\":\"en-US\",\"potentialAction\":[{\"@type\":\"ReadAction\",\"target\":[\"https:\/\/zamecnik-matejovsky.cz\/contact\/\"]}]},{\"@type\":\"BreadcrumbList\",\"@id\":\"https:\/\/zamecnik-matejovsky.cz\/contact\/#breadcrumb\",\"itemListElement\":[{\"@type\":\"ListItem\",\"position\":1,\"name\":\"Dom\u016f\",\"item\":\"https:\/\/zamecnik-matejovsky.cz\/\"},{\"@type\":\"ListItem\",\"position\":2,\"name\":\"Kontakt\"}]},{\"@type\":\"WebSite\",\"@id\":\"https:\/\/zamecnik-matejovsky.cz\/#website\",\"url\":\"https:\/\/zamecnik-matejovsky.cz\/\",\"name\":\"Z\u00e1me\u010dn\u00edk Mat\u011bjovsk\u00fd\",\"description\":\"Nonstop pohotovost\",\"potentialAction\":[{\"@type\":\"SearchAction\",\"target\":{\"@type\":\"EntryPoint\",\"urlTemplate\":\"https:\/\/zamecnik-matejovsky.cz\/?s={search_term_string}\"},\"query-input\":\"required name=search_term_string\"}],\"inLanguage\":\"en-US\"}]}<\/script>\n<!-- \/ Yoast SEO plugin. -->","yoast_head_json":{"title":"Kontakt - Z\u00e1me\u010dn\u00edk Mat\u011bjovsk\u00fd","description":"Pot\u0159ebujete rychl\u00e9ho z\u00e1me\u010dn\u00edka v Praze? Ihned volejte +420 731 583 939. P\u0159\u00edjezd od 15 minut.","robots":{"index":"index","follow":"follow","max-snippet":"max-snippet:-1","max-image-preview":"max-image-preview:large","max-video-preview":"max-video-preview:-1"},"canonical":"https:\/\/zamecnik-matejovsky.cz\/en\/contact\/","og_locale":"en_US","og_type":"article","og_title":"Kontakt - Z\u00e1me\u010dn\u00edk Mat\u011bjovsk\u00fd","og_description":"Pot\u0159ebujete rychl\u00e9ho z\u00e1me\u010dn\u00edka v Praze? Ihned volejte +420 731 583 939. P\u0159\u00edjezd od 15 minut.","og_url":"https:\/\/zamecnik-matejovsky.cz\/en\/contact\/","og_site_name":"Z\u00e1me\u010dn\u00edk Mat\u011bjovsk\u00fd","article_modified_time":"2022-01-14T09:15:44+00:00","og_image":[{"width":1894,"height":619,"url":"https:\/\/zamecnik-matejovsky.cz\/wp-content\/uploads\/2021\/06\/choose_us_bg.jpg","type":"image\/jpeg"}],"twitter_card":"summary_large_image","twitter_misc":{"Est. reading time":"1 minute"},"schema":{"@context":"https:\/\/schema.org","@graph":[{"@type":"WebPage","@id":"https:\/\/zamecnik-matejovsky.cz\/contact\/","url":"https:\/\/zamecnik-matejovsky.cz\/contact\/","name":"Kontakt - Z\u00e1me\u010dn\u00edk Mat\u011bjovsk\u00fd","isPartOf":{"@id":"https:\/\/zamecnik-matejovsky.cz\/#website"},"datePublished":"2020-10-28T07:16:28+00:00","dateModified":"2022-01-14T09:15:44+00:00","description":"Pot\u0159ebujete rychl\u00e9ho z\u00e1me\u010dn\u00edka v Praze? Ihned volejte +420 731 583 939. P\u0159\u00edjezd od 15 minut.","breadcrumb":{"@id":"https:\/\/zamecnik-matejovsky.cz\/contact\/#breadcrumb"},"inLanguage":"en-US","potentialAction":[{"@type":"ReadAction","target":["https:\/\/zamecnik-matejovsky.cz\/contact\/"]}]},{"@type":"BreadcrumbList","@id":"https:\/\/zamecnik-matejovsky.cz\/contact\/#breadcrumb","itemListElement":[{"@type":"ListItem","position":1,"name":"Dom\u016f","item":"https:\/\/zamecnik-matejovsky.cz\/"},{"@type":"ListItem","position":2,"name":"Kontakt"}]},{"@type":"WebSite","@id":"https:\/\/zamecnik-matejovsky.cz\/#website","url":"https:\/\/zamecnik-matejovsky.cz\/","name":"Z\u00e1me\u010dn\u00edk Mat\u011bjovsk\u00fd","description":"Nonstop pohotovost","potentialAction":[{"@type":"SearchAction","target":{"@type":"EntryPoint","urlTemplate":"https:\/\/zamecnik-matejovsky.cz\/?s={search_term_string}"},"query-input":"required name=search_term_string"}],"inLanguage":"en-US"}]}},"_links":{"self":[{"href":"https:\/\/zamecnik-matejovsky.cz\/en\/wp-json\/wp\/v2\/pages\/221"}],"collection":[{"href":"https:\/\/zamecnik-matejovsky.cz\/en\/wp-json\/wp\/v2\/pages"}],"about":[{"href":"https:\/\/zamecnik-matejovsky.cz\/en\/wp-json\/wp\/v2\/types\/page"}],"author":[{"embeddable":true,"href":"https:\/\/zamecnik-matejovsky.cz\/en\/wp-json\/wp\/v2\/users\/1"}],"replies":[{"embeddable":true,"href":"https:\/\/zamecnik-matejovsky.cz\/en\/wp-json\/wp\/v2\/comments?post=221"}],"version-history":[{"count":25,"href":"https:\/\/zamecnik-matejovsky.cz\/en\/wp-json\/wp\/v2\/pages\/221\/revisions"}],"predecessor-version":[{"id":1866,"href":"https:\/\/zamecnik-matejovsky.cz\/en\/wp-json\/wp\/v2\/pages\/221\/revisions\/1866"}],"wp:featuredmedia":[{"embeddable":true,"href":"https:\/\/zamecnik-matejovsky.cz\/en\/wp-json\/wp\/v2\/media\/1428"}],"wp:attachment":[{"href":"https:\/\/zamecnik-matejovsky.cz\/en\/wp-json\/wp\/v2\/media?parent=221"}],"curies":[{"name":"wp","href":"https:\/\/api.w.org\/{rel}","templated":true}]}}